{"id":1289,"date":"2019-09-23T22:22:19","date_gmt":"2019-09-23T20:22:19","guid":{"rendered":"https:\/\/nowbpo.com\/home\/"},"modified":"2023-07-13T10:38:45","modified_gmt":"2023-07-13T16:38:45","slug":"home","status":"publish","type":"page","link":"https:\/\/nowbpo.com\/es\/","title":{"rendered":"Inicio"},"content":{"rendered":"<div class=\"wpb-content-wrapper\"><p>[vc_row full_width=\u00bbstretch_row_content_no_spaces\u00bb equal_height=\u00bbyes\u00bb content_placement=\u00bbmiddle\u00bb el_id=\u00bbsection1&#8243; css=\u00bb.vc_custom_1570144959867{margin-bottom: 0px !important;background-color: #6e7c7c !important;}\u00bb][vc_column css=\u00bb.vc_custom_1570549696673{padding-top: 250px !important;padding-bottom: 250px !important;background-position: center !important;background-repeat: no-repeat !important;background-size: cover !important;}\u00bb offset=\u00bbvc_hidden-lg vc_hidden-md\u00bb el_id=\u00bbbg-inicio\u00bb][\/vc_column][vc_column css=\u00bb.vc_custom_1570547661089{padding-top: 80px !important;padding-bottom: 80px !important;padding-left: 35px !important;}\u00bb offset=\u00bbvc_col-lg-offset-0 vc_col-lg-6 vc_col-md-offset-0 vc_col-md-6 vc_col-sm-offset-0 vc_col-xs-12&#8243; el_id=\u00bbcol-scale\u00bb][vc_custom_heading text=\u00bbEscale su negocio<br \/>\r\nm\u00e1s r\u00e1pido\u00bb font_container=\u00bbtag:h1|text_align:left|color:%23ffffff\u00bb use_theme_fonts=\u00bbyes\u00bb el_class=\u00bbassistant-light font-size-40&#8243; css=\u00bb.vc_custom_1570144866581{padding-right: 15px !important;padding-left: 15px !important;}\u00bb][vc_column_text el_class=\u00bbassistant-light font-size-22 text-white\u00bb css=\u00bb.vc_custom_1570144920167{margin-top: 30px !important;margin-bottom: 0px !important;padding-right: 15px !important;padding-left: 15px !important;}\u00bb]<\/p>\r\n<p>Todo gran negocio empieza peque\u00f1o, la clave est\u00e1 en pensar en grande y escalarlo r\u00e1pidamente. Al implementar nuestros servicios de BPO, podr\u00e1s ahorrar en costos de equipo e instalaci\u00f3n, al igual que obtener tasas de deserci\u00f3n m\u00e1s bajas.<\/p>\r\n<p>[\/vc_column_text][\/vc_column][vc_column css=\u00bb.vc_custom_1570549630235{padding-top: 350px !important;padding-bottom: 350px !important;background-position: center !important;background-repeat: no-repeat !important;background-size: cover !important;}\u00bb offset=\u00bbvc_col-lg-6 vc_col-md-6 vc_hidden-sm vc_col-xs-12 vc_hidden-xs\u00bb el_id=\u00bbcol-team\u00bb][\/vc_column][\/vc_row][vc_row full_width=\u00bbstretch_row\u00bb equal_height=\u00bbyes\u00bb content_placement=\u00bbmiddle\u00bb css=\u00bb.vc_custom_1571330880656{background-color: #00a0df !important;}\u00bb el_id=\u00bbpriority\u00bb][vc_column width=\u00bb1\/2&#8243; css=\u00bb.vc_custom_1570144702655{margin-bottom: 0px !important;padding-top: 0px !important;padding-bottom: 0px !important;}\u00bb offset=\u00bbvc_col-xs-4 vc_hidden-xs\u00bb][vc_single_image image=\u00bb184&#8243; img_size=\u00bbfull\u00bb css=\u00bb.vc_custom_1570637166210{margin-top: 50px !important;margin-bottom: 0px !important;padding-bottom: 0px !important;}\u00bb el_id=\u00bbwomen-caller\u00bb]<div class=\"adorno-elemento-02\"><\/div>[\/vc_column][vc_column width=\u00bb1\/2&#8243; el_id=\u00bbsection2text\u00bb offset=\u00bbvc_col-xs-12&#8243; css=\u00bb.vc_custom_1570144794045{padding-top: 80px !important;padding-bottom: 80px !important;}\u00bb][vc_custom_heading text=\u00bbLas personas<br \/>\r\nson nuestra prioridad\u00bb font_container=\u00bbtag:h1|text_align:left|color:%23ffffff\u00bb use_theme_fonts=\u00bbyes\u00bb el_class=\u00bbassistant-light font-size-40&#8243; css=\u00bb.vc_custom_1570144778403{padding-bottom: 20px !important;}\u00bb][vc_column_text el_class=\u00bbassistant-light font-size-22 text-white\u00bb css=\u00bb.vc_custom_1570144812658{margin-bottom: 0px !important;}\u00bb]<\/p>\r\n<p>Te garantizamos de control y reclutamiento de calidad, capacitaci\u00f3n profesional y retenci\u00f3n de agentes a largo plazo.<\/p>\r\n<p>[\/vc_column_text][\/vc_column][\/vc_row][vc_row full_width=\u00bbstretch_row_content_no_spaces\u00bb equal_height=\u00bbyes\u00bb content_placement=\u00bbmiddle\u00bb css=\u00bb.vc_custom_1571330515035{margin-bottom: 0px !important;background-color: #ffffff !important;}\u00bb el_id=\u00bbquienes-somos\u00bb][vc_column css=\u00bb.vc_custom_1571329585492{padding-top: 250px !important;padding-bottom: 250px !important;background-position: center !important;background-repeat: no-repeat !important;background-size: cover !important;}\u00bb offset=\u00bbvc_hidden-lg vc_hidden-md\u00bb el_id=\u00bbbg-whoweare\u00bb][\/vc_column][vc_column css=\u00bb.vc_custom_1570547661089{padding-top: 80px !important;padding-bottom: 80px !important;padding-left: 35px !important;}\u00bb offset=\u00bbvc_col-lg-offset-0 vc_col-lg-6 vc_col-md-offset-0 vc_col-md-6 vc_col-sm-offset-0 vc_col-xs-12&#8243;][vc_custom_heading text=\u00bbQuienes somos\u00bb font_container=\u00bbtag:h2|text_align:left|color:%23353535&#8243; use_theme_fonts=\u00bbyes\u00bb el_class=\u00bbassistant-light font-size-40&#8243; css=\u00bb.vc_custom_1571329057435{padding-right: 15px !important;padding-left: 15px !important;}\u00bb][vc_column_text el_class=\u00bbassistant-light font-size-22 text-gray\u00bb css=\u00bb.vc_custom_1572365864408{margin-top: 30px !important;margin-bottom: 0px !important;padding-right: 15px !important;padding-left: 15px !important;}\u00bb]<\/p>\r\n<p>Now BPO es un equipo de expertos en la industria de subcontrataci\u00f3n de procesos empresariales. Tenemos una gran cantidad de talento y m\u00e1s de 15 a\u00f1os de experiencia en ventas, atenci\u00f3n al cliente y soluciones de gesti\u00f3n de contactos rentables.<\/p>\r\n<p>Enfrentamos todos los desaf\u00edos, aprovechando los talentos de nuestro equipo para crear SOLUCIONES a medida de las necesidades de su empresa para ayudarlo a escalar su negocio.<\/p>\r\n<p>[\/vc_column_text][\/vc_column][vc_column css=\u00bb.vc_custom_1571329595813{padding-top: 350px !important;padding-bottom: 350px !important;background-position: center !important;background-repeat: no-repeat !important;background-size: cover !important;}\u00bb offset=\u00bbvc_col-lg-6 vc_col-md-6 vc_hidden-sm vc_col-xs-12 vc_hidden-xs\u00bb el_id=\u00bbcol-team2&#8243;][\/vc_column][\/vc_row][vc_row full_width=\u00bbstretch_row\u00bb css=\u00bb.vc_custom_1571329709255{padding-top: 25px !important;padding-bottom: 25px !important;background-color: #efefef !important;}\u00bb el_id=\u00bbservicios\u00bb][vc_column][vc_custom_heading text=\u00bbAs\u00ed es como potenciamos su \u00e9xito\u00bb font_container=\u00bbtag:h2|text_align:center|color:%230a0a0a\u00bb use_theme_fonts=\u00bbyes\u00bb el_class=\u00bbassistant-light font-size-40&#8243; css=\u00bb.vc_custom_1570136900980{margin-bottom: 25px !important;padding-right: 15px !important;padding-left: 15px !important;}\u00bb][vc_column_text el_class=\u00bbassistant-light font-size-22 text-black\u00bb css=\u00bb.vc_custom_1572358612163{padding-right: 15px !important;padding-left: 15px !important;}\u00bb]<\/p>\r\n<p style=\"text-align: center;\">Hemos estado en el negocio por 15 a\u00f1os, ofreciendo servicios excepcionales a clientes alrededor del mundo. Nuestro equipo de representantes tiene un manejo fluido en ingl\u00e9s y espa\u00f1ol, enfrentando cada desaf\u00edo con transparencia y una actitud positiva.<\/p>\r\n<p>[\/vc_column_text][\/vc_column][\/vc_row][vc_row full_width=\u00bbstretch_row_content_no_spaces\u00bb css=\u00bb.vc_custom_1571329718247{padding-top: 15px !important;padding-bottom: 75px !important;background-color: #efefef !important;}\u00bb][vc_column css=\u00bb.vc_custom_1570140104286{margin-top: 0px !important;margin-bottom: 0px !important;padding-top: 0px !important;padding-bottom: 0px !important;}\u00bb]<div class=\"container-services\" data-slick='{\"dots\": false, \"arrows\":true, \"infinite\":false, \"autoplay\":false, \"speed\": 500, \"slidesToShow\": 5, \"adaptiveHeight\": false, \"responsive\": [{\"breakpoint\": 991,\"settings\": { \"slidesToShow\": 3}},{\"breakpoint\": 768,\"settings\": {\"slidesToShow\": 2}},{\"breakpoint\": 480,\"settings\": {\"slidesToShow\": 1}}]}'>\n    <div class=\"item\">\n    <div class=\"services\">\n        <div class=\"imgservice\">\n          <img decoding=\"async\" class=\"lazyload\" data-src=\"https:\/\/nowbpo.com\/wp-content\/uploads\/2019\/10\/customer-service.jpg\" src=\"https:\/\/nowbpo.com\/wp-content\/themes\/nowbpo\/images\/icon-lazy.png\" alt=\"Atenci\u00f3n al cliente\">\n        <\/div>\n        <div class=\"info-box\">\n            <h3>Atenci\u00f3n al cliente<\/h3>\n            <p>Nuestro equipo ofrece soluciones de atenci\u00f3n al cliente a nuestra diversificada base de clientes en todas las etapas del recorrido del comprador.<\/p>\n        <\/div>\n    <\/div>\n<\/div><div class=\"item\">\n    <div class=\"services\">\n        <div class=\"imgservice\">\n          <img decoding=\"async\" class=\"lazyload\" data-src=\"https:\/\/nowbpo.com\/wp-content\/uploads\/2019\/10\/inbound-outbound-sales.jpg\" src=\"https:\/\/nowbpo.com\/wp-content\/themes\/nowbpo\/images\/icon-lazy.png\" alt=\"Ventas entrantes\/salientes\">\n        <\/div>\n        <div class=\"info-box\">\n            <h3>Ventas entrantes\/salientes<\/h3>\n            <p>Todo negocio necesita un flujo constante de nuevos clientes potenciales y ventas. Nuestros especialistas en ventas trabajar\u00e1n junto a usted para desarrollar un programa que supere incluso los objetivos de ventas m\u00e1s exigentes.<\/p>\n        <\/div>\n    <\/div>\n<\/div><div class=\"item\">\n    <div class=\"services\">\n        <div class=\"imgservice\">\n          <img decoding=\"async\" class=\"lazyload\" data-src=\"https:\/\/nowbpo.com\/wp-content\/uploads\/2019\/10\/tech-support.jpg\" src=\"https:\/\/nowbpo.com\/wp-content\/themes\/nowbpo\/images\/icon-lazy.png\" alt=\"Soporte t\u00e9cnico\">\n        <\/div>\n        <div class=\"info-box\">\n            <h3>Soporte t\u00e9cnico<\/h3>\n            <p>Hacemos el soporte t\u00e9cnico amigable. Nuestro equipo de expertos en soporte t\u00e9cnico rentable y de alta calidad se encargar\u00e1 de todas sus necesidades comerciales.<\/p>\n        <\/div>\n    <\/div>\n<\/div><div class=\"item\">\n    <div class=\"services\">\n        <div class=\"imgservice\">\n          <img decoding=\"async\" class=\"lazyload\" data-src=\"https:\/\/nowbpo.com\/wp-content\/uploads\/2019\/10\/live-chat.jpg\" src=\"https:\/\/nowbpo.com\/wp-content\/themes\/nowbpo\/images\/icon-lazy.png\" alt=\"Chat en vivo\">\n        <\/div>\n        <div class=\"info-box\">\n            <h3>Chat en vivo<\/h3>\n            <p>Si su empresa ofrece un gran producto o negocio, nuestros agentes de chat en vivo estar\u00e1n listos para servirle a sus clientes a toda hora.<\/p>\n        <\/div>\n    <\/div>\n<\/div><div class=\"item\">\n    <div class=\"services\">\n        <div class=\"imgservice\">\n          <img decoding=\"async\" class=\"lazyload\" data-src=\"https:\/\/nowbpo.com\/wp-content\/uploads\/2019\/10\/medical-billing.jpg\" src=\"https:\/\/nowbpo.com\/wp-content\/themes\/nowbpo\/images\/icon-lazy.png\" alt=\"Facturaci\u00f3n m\u00e9dica\">\n        <\/div>\n        <div class=\"info-box\">\n            <h3>Facturaci\u00f3n m\u00e9dica<\/h3>\n            <p>La subcontrataci\u00f3n con Now BPO le permitir\u00e1 a su negocio de salud acelerar el paso de la generaci\u00f3n de ingresos. Nos enfocamos en optimizar el proceso de facturaci\u00f3n m\u00e9dica para garantizar operaciones sostenidas y a largo plazo.<\/p>\n        <\/div>\n    <\/div>\n<\/div><div class=\"item\">\n    <div class=\"services\">\n        <div class=\"imgservice\">\n          <img decoding=\"async\" class=\"lazyload\" data-src=\"https:\/\/nowbpo.com\/wp-content\/uploads\/2019\/10\/payroll-accounting.jpg\" src=\"https:\/\/nowbpo.com\/wp-content\/themes\/nowbpo\/images\/icon-lazy.png\" alt=\"N\u00f3mina\/Contabilidad\">\n        <\/div>\n        <div class=\"info-box\">\n            <h3>N\u00f3mina\/Contabilidad<\/h3>\n            <p>Ofrecemos soluciones de gesti\u00f3n de alta calidad para que sus empleados se puedan enfocar en sus tareas principales. Nuestro equipo profesional le proporcionar\u00e1 respuestas r\u00e1pidas, experiencia especializada e implementaci\u00f3n rentable.<\/p>\n        <\/div>\n    <\/div>\n<\/div><div class=\"item\">\n    <div class=\"services\">\n        <div class=\"imgservice\">\n          <img decoding=\"async\" class=\"lazyload\" data-src=\"https:\/\/nowbpo.com\/wp-content\/uploads\/2019\/10\/email-response-team.jpg\" src=\"https:\/\/nowbpo.com\/wp-content\/themes\/nowbpo\/images\/icon-lazy.png\" alt=\"Equipo de respuesta de correo\">\n        <\/div>\n        <div class=\"info-box\">\n            <h3>Equipo de respuesta de correo<\/h3>\n            <p>Nuestro equipo le garantiza una respuesta r\u00e1pida a las cuestiones de sus clientes y le permitir\u00e1 enfocar sus energ\u00edas hacia \u00e1reas cr\u00edticas de su negocio.<\/p>\n        <\/div>\n    <\/div>\n<\/div><\/div>[\/vc_column][\/vc_row][vc_row full_width=\u00bbstretch_row_content_no_spaces\u00bb css=\u00bb.vc_custom_1570636773265{padding-top: 100px !important;padding-bottom: 100px !important;background-position: center !important;background-repeat: no-repeat !important;background-size: cover !important;}\u00bb el_id=\u00bbfooter-team\u00bb][vc_column][vc_custom_heading text=\u00bbEntregamos soluciones, y las sostenemos\u00bb font_container=\u00bbtag:h2|text_align:center|color:%23ffffff\u00bb use_theme_fonts=\u00bbyes\u00bb el_class=\u00bbassistant-light font-size-40&#8243; css=\u00bb.vc_custom_1570140047318{padding-right: 15px !important;padding-left: 15px !important;}\u00bb][vc_column_text el_class=\u00bbassistant-light font-size-24 text-white\u00bb css=\u00bb.vc_custom_1570140015192{margin-top: 30px !important;padding-right: 15px !important;padding-left: 15px !important;}\u00bb]<\/p>\r\n<p style=\"text-align: center;\">Para consultas sobre cualquiera de nuestros servicios, cont\u00e1ctenos por correo o tel\u00e9fono.<\/p>\r\n<p style=\"text-align: center;\">Estamos disponibles 7 d\u00edas a la semana para su conveniencia.<\/p>\r\n<p>[\/vc_column_text][\/vc_column][\/vc_row]<\/p><\/div>","protected":false},"excerpt":{"rendered":"<p>[vc_row full_width=\u00bbstretch_row_content_no_spaces\u00bb equal_height=\u00bbyes\u00bb content_placement=\u00bbmiddle\u00bb el_id=\u00bbsection1&#8243; css=\u00bb.vc_custom_1570144959867{margin-bottom: 0px !important;background-color: #6e7c7c !important;}\u00bb][vc_column css=\u00bb.vc_custom_1570549696673{padding-top: 250px !important;padding-bottom: 250px !important;background-position: center !important;background-repeat: no-repeat !important;background-size: cover !important;}\u00bb offset=\u00bbvc_hidden-lg vc_hidden-md\u00bb el_id=\u00bbbg-inicio\u00bb][\/vc_column][vc_column css=\u00bb.vc_custom_1570547661089{padding-top: 80px !important;padding-bottom: 80px !important;padding-left: 35px !important;}\u00bb offset=\u00bbvc_col-lg-offset-0 vc_col-lg-6 vc_col-md-offset-0 vc_col-md-6 vc_col-sm-offset-0 vc_col-xs-12&#8243; el_id=\u00bbcol-scale\u00bb][vc_custom_heading text=\u00bbEscale su negocio m\u00e1s r\u00e1pido\u00bb font_container=\u00bbtag:h1|text_align:left|color:%23ffffff\u00bb use_theme_fonts=\u00bbyes\u00bb el_class=\u00bbassistant-light font-size-40&#8243; css=\u00bb.vc_custom_1570144866581{padding-right: 15px !important;padding-left: 15px !important;}\u00bb][vc_column_text el_class=\u00bbassistant-light font-size-22 text-white\u00bb [&hellip;]<\/p>\n","protected":false},"author":6,"featured_media":0,"parent":0,"menu_order":0,"comment_status":"closed","ping_status":"closed","template":"","meta":{"footnotes":""},"class_list":["post-1289","page","type-page","status-publish","hentry"],"_links":{"self":[{"href":"https:\/\/nowbpo.com\/es\/wp-json\/wp\/v2\/pages\/1289","targetHints":{"allow":["GET"]}}],"collection":[{"href":"https:\/\/nowbpo.com\/es\/wp-json\/wp\/v2\/pages"}],"about":[{"href":"https:\/\/nowbpo.com\/es\/wp-json\/wp\/v2\/types\/page"}],"author":[{"embeddable":true,"href":"https:\/\/nowbpo.com\/es\/wp-json\/wp\/v2\/users\/6"}],"replies":[{"embeddable":true,"href":"https:\/\/nowbpo.com\/es\/wp-json\/wp\/v2\/comments?post=1289"}],"version-history":[{"count":5,"href":"https:\/\/nowbpo.com\/es\/wp-json\/wp\/v2\/pages\/1289\/revisions"}],"predecessor-version":[{"id":2259,"href":"https:\/\/nowbpo.com\/es\/wp-json\/wp\/v2\/pages\/1289\/revisions\/2259"}],"wp:attachment":[{"href":"https:\/\/nowbpo.com\/es\/wp-json\/wp\/v2\/media?parent=1289"}],"curies":[{"name":"wp","href":"https:\/\/api.w.org\/{rel}","templated":true}]}}