{"id":1286,"date":"2019-10-07T15:42:20","date_gmt":"2019-10-07T21:42:20","guid":{"rendered":"https:\/\/nowbpo.com\/quote\/"},"modified":"2020-07-14T14:22:39","modified_gmt":"2020-07-14T20:22:39","slug":"cotizacion","status":"publish","type":"page","link":"https:\/\/nowbpo.com\/es\/cotizacion\/","title":{"rendered":"Cotizaci\u00f3n"},"content":{"rendered":"<div class=\"wpb-content-wrapper\"><p>[vc_row full_width=\u00bbstretch_row_content_no_spaces\u00bb equal_height=\u00bbyes\u00bb content_placement=\u00bbmiddle\u00bb el_id=\u00bbsection1&#8243; css=\u00bb.vc_custom_1570747624460{margin-bottom: 0px !important;background-color: #14afe8 !important;}\u00bb][vc_column css=\u00bb.vc_custom_1570746559546{padding-top: 150px !important;padding-bottom: 150px !important;background-position: center !important;background-repeat: no-repeat !important;background-size: cover !important;}\u00bb offset=\u00bbvc_hidden-lg vc_hidden-md\u00bb el_id=\u00bbbg-inicio\u00bb][vc_single_image image=\u00bb203&#8243; img_size=\u00bbfull\u00bb alignment=\u00bbcenter\u00bb el_id=\u00bbimg-save-50-top\u00bb][\/vc_column][vc_column css=\u00bb.vc_custom_1570551571614{padding-top: 80px !important;padding-bottom: 80px !important;padding-left: 35px !important;}\u00bb offset=\u00bbvc_col-lg-offset-0 vc_col-lg-6 vc_col-md-offset-0 vc_col-md-6 vc_col-sm-offset-0 vc_col-xs-12&#8243; el_id=\u00bb#col-getquote\u00bb][vc_custom_heading text=\u00bbConsiga una cotizaci\u00f3n\u00bb font_container=\u00bbtag:h1|text_align:left|color:%23ffffff\u00bb use_theme_fonts=\u00bbyes\u00bb el_class=\u00bbassistant-light font-size-40&#8243; css=\u00bb.vc_custom_1570484556976{padding-right: 15px !important;padding-left: 15px !important;}\u00bb][vc_column_text el_class=\u00bbassistant-light font-size-22 text-white\u00bb css=\u00bb.vc_custom_1570484539879{margin-top: 30px !important;margin-bottom: 0px !important;padding-right: 15px !important;padding-left: 15px !important;}\u00bb]<\/p>\r\n<p>Personalizamos nuestras soluciones para cumplir espec\u00edficamente con los requisitos de su negocio. Responda las preguntas a continuaci\u00f3n para ayudarnos a calcular el presupuesto y personal de centro de llamadas que va a necesitar antes de tomar este paso.<\/p>\r\n<p>[\/vc_column_text][\/vc_column][vc_column css=\u00bb.vc_custom_1570746257630{padding-top: 200px !important;padding-bottom: 200px !important;background-position: center !important;background-repeat: no-repeat !important;background-size: cover !important;}\u00bb offset=\u00bbvc_col-lg-6 vc_col-md-6 vc_hidden-sm vc_col-xs-12 vc_hidden-xs\u00bb el_id=\u00bbcol-team\u00bb][vc_single_image image=\u00bb1304&#8243; img_size=\u00bbfull\u00bb alignment=\u00bbcenter\u00bb el_id=\u00bbimg-save-50&#8243; css=\u00bb.vc_custom_1570746378409{margin-bottom: 0px !important;}\u00bb]<div class=\"adorno-elemento-01\"><\/div>[\/vc_column][\/vc_row][vc_row full_width=\u00bbstretch_row\u00bb css=\u00bb.vc_custom_1570806584060{padding-top: 25px !important;padding-right: 15px !important;padding-bottom: 25px !important;padding-left: 15px !important;background-color: #dbdbdb !important;}\u00bb][vc_column width=\u00bb2\/3&#8243; offset=\u00bbvc_col-lg-offset-2 vc_col-lg-8 vc_col-md-offset-2 vc_col-md-8 vc_col-sm-offset-2 vc_col-xs-12&#8243; el_id=\u00bbcol-form\u00bb]\n<div class=\"wpcf7 no-js\" id=\"wpcf7-f1283-o1\" lang=\"en-US\" dir=\"ltr\" data-wpcf7-id=\"1283\">\n<div class=\"screen-reader-response\"><p role=\"status\" aria-live=\"polite\" aria-atomic=\"true\"><\/p> <ul><\/ul><\/div>\n<form action=\"\/es\/wp-json\/wp\/v2\/pages\/1286#wpcf7-f1283-o1\" method=\"post\" class=\"wpcf7-form init\" aria-label=\"Contact form\" novalidate=\"novalidate\" data-status=\"init\">\n<fieldset class=\"hidden-fields-container\"><input type=\"hidden\" name=\"_wpcf7\" value=\"1283\" \/><input type=\"hidden\" name=\"_wpcf7_version\" value=\"6.1.2\" \/><input type=\"hidden\" name=\"_wpcf7_locale\" value=\"en_US\" \/><input type=\"hidden\" name=\"_wpcf7_unit_tag\" value=\"wpcf7-f1283-o1\" \/><input type=\"hidden\" name=\"_wpcf7_container_post\" value=\"0\" \/><input type=\"hidden\" name=\"_wpcf7_posted_data_hash\" value=\"\" \/><input type=\"hidden\" name=\"_wpcf7_recaptcha_response\" value=\"\" \/>\n<\/fieldset>\n<div class=\"row\">\n<div class=\"col-md-12 col-sm-12 col-xs-12\">\n<h2 class=\"title-form\">Informaci\u00f3n de la compa\u00f1\u00eda <\/h2>\n<\/div>\n<\/div>\n<div class=\"row\">\n<div class=\"col-md-12 col-sm-12 col-xs-12\">\n<label class=\"label-inputs-gray\">Nombre de la Compa\u00f1\u00eda<\/label>\n<\/div>\n<div class=\"col-md-12 col-sm-12 col-xs-12\">\n<span class=\"wpcf7-form-control-wrap\" data-name=\"companyname\"><input size=\"40\" maxlength=\"400\" class=\"wpcf7-form-control wpcf7-text wpcf7-validates-as-required inputs\" aria-required=\"true\" aria-invalid=\"false\" value=\"\" type=\"text\" name=\"companyname\" \/><\/span>\n<\/div>\n<\/div>\n<div class=\"row\">\n<div class=\"col-md-12 col-sm-12 col-xs-12\">\n<label class=\"label-inputs-gray\">Representante de la Compa\u00f1\u00eda<\/label>\n<\/div>\n<div class=\"col-md-12 col-sm-12 col-xs-12\">\n<span class=\"wpcf7-form-control-wrap\" data-name=\"companyrepresentative\"><input size=\"40\" maxlength=\"400\" class=\"wpcf7-form-control wpcf7-text wpcf7-validates-as-required inputs\" aria-required=\"true\" aria-invalid=\"false\" value=\"\" type=\"text\" name=\"companyrepresentative\" \/><\/span>\n<\/div>\n<\/div>\n<div class=\"row\">\n<div class=\"col-md-12 col-sm-12 col-xs-12\">\n<h2 class=\"title-form\">Informaci\u00f3n de contacto del Representante<\/h2>\n<\/div>\n<\/div>\n<div class=\"row\">\n<div class=\"col-md-12 col-sm-12 col-xs-12\">\n<label class=\"label-inputs-gray\">Correo electr\u00f3nico<\/label>\n<\/div>\n<div class=\"col-md-12 col-sm-12 col-xs-12\">\n<span class=\"wpcf7-form-control-wrap\" data-name=\"email\"><input size=\"40\" maxlength=\"400\" class=\"wpcf7-form-control wpcf7-email wpcf7-validates-as-required wpcf7-text wpcf7-validates-as-email inputs\" aria-required=\"true\" aria-invalid=\"false\" value=\"\" type=\"email\" name=\"email\" \/><\/span>\n<\/div>\n<\/div>\n<div class=\"row\">\n<div class=\"col-md-12 col-sm-12 col-xs-12\">\n<label class=\"label-inputs-gray\">N\u00famero telefonico<\/label>\n<\/div>\n<div class=\"col-md-12 col-sm-12 col-xs-12\">\n<span class=\"wpcf7-form-control-wrap\" data-name=\"phone\"><input size=\"40\" maxlength=\"400\" class=\"wpcf7-form-control wpcf7-tel wpcf7-validates-as-required wpcf7-text wpcf7-validates-as-tel inputs\" aria-required=\"true\" aria-invalid=\"false\" value=\"\" type=\"tel\" name=\"phone\" \/><\/span>\n<\/div>\n<\/div>\n<div class=\"row\">\n<div class=\"col-md-12 col-sm-12 col-xs-12\"><label class=\"label-inputs-gray\">Sitio Web<\/label><\/div>\n<div class=\"col-md-12 col-sm-12 col-xs-12\"><span class=\"wpcf7-form-control-wrap\" data-name=\"website\"><input size=\"40\" maxlength=\"400\" class=\"wpcf7-form-control wpcf7-text wpcf7-validates-as-required inputs\" aria-required=\"true\" aria-invalid=\"false\" value=\"\" type=\"text\" name=\"website\" \/><\/span><\/div>\n<\/div>\n<div class=\"row\">\n<div class=\"col-md-12 col-sm-12 col-xs-12\">\n<h2 class=\"title-form\">Gastos del negocio<\/h2>\n<\/div>\n<\/div>\n<div class=\"row\">\n<div class=\"col-md-12 col-sm-12 col-xs-12\"><label class=\"label-inputs-gray\">N\u00famero de empleados<\/label><\/div>\n<div class=\"col-md-12 col-sm-12 col-xs-12\"><span class=\"wpcf7-form-control-wrap\" data-name=\"employees\"><input class=\"wpcf7-form-control wpcf7-number wpcf7-validates-as-required wpcf7-validates-as-number inputs\" aria-required=\"true\" aria-invalid=\"false\" value=\"\" type=\"number\" name=\"employees\" \/><\/span><\/div>\n<\/div>\n<div class=\"row\">\n<div class=\"col-md-12 col-sm-12 col-xs-12\"><label class=\"label-inputs-gray\">Descripci\u00f3n de trabajo<\/label><\/div>\n<div class=\"col-md-12 col-sm-12 col-xs-12\"><span class=\"wpcf7-form-control-wrap\" data-name=\"description\"><textarea cols=\"40\" rows=\"10\" maxlength=\"2000\" class=\"wpcf7-form-control wpcf7-textarea wpcf7-validates-as-required textareas\" aria-required=\"true\" aria-invalid=\"false\" name=\"description\"><\/textarea><\/span><\/div>\n<\/div>\n<div class=\"row\">\n<div class=\"col-md-12 col-sm-12 col-xs-12\"><label class=\"label-inputs-gray\">Horas de operaci\u00f3n<\/label><\/div>\n<div class=\"col-md-12 col-sm-12 col-xs-12\"><span class=\"wpcf7-form-control-wrap\" data-name=\"hours\"><input class=\"wpcf7-form-control wpcf7-number wpcf7-validates-as-required wpcf7-validates-as-number inputs\" aria-required=\"true\" aria-invalid=\"false\" value=\"\" type=\"number\" name=\"hours\" \/><\/span><\/div>\n<\/div>\n<div class=\"row\">\n<div class=\"col-md-12 col-sm-12 col-xs-12\"><label class=\"label-inputs-gray\">Tasa promedio de lo que los trabajadores ganan por hora<\/label><\/div>\n<div class=\"col-md-12 col-sm-12 col-xs-12\"><span class=\"wpcf7-form-control-wrap\" data-name=\"average\"><input class=\"wpcf7-form-control wpcf7-number wpcf7-validates-as-required wpcf7-validates-as-number inputs\" aria-required=\"true\" aria-invalid=\"false\" value=\"\" type=\"number\" name=\"average\" \/><\/span><\/div>\n<\/div>\n<div class=\"row\">\n<div class=\"col-md-12 col-sm-12 col-xs-12\"><label class=\"label-inputs-gray\">Costo mensual de tarifa de licencia para que la empresa opere<\/label><\/div>\n<div class=\"col-md-12 col-sm-12 col-xs-12\"><span class=\"wpcf7-form-control-wrap\" data-name=\"monthlycost\"><input class=\"wpcf7-form-control wpcf7-number wpcf7-validates-as-required wpcf7-validates-as-number inputs\" aria-required=\"true\" aria-invalid=\"false\" value=\"\" type=\"number\" name=\"monthlycost\" \/><\/span><\/div>\n<\/div>\n<div class=\"row\">\n<div class=\"col-md-12 col-sm-12 col-xs-12\"><label class=\"label-inputs-gray\">Costo del paquete de internet<\/label><\/div>\n<div class=\"col-md-12 col-sm-12 col-xs-12\"><span class=\"wpcf7-form-control-wrap\" data-name=\"internet\"><input class=\"wpcf7-form-control wpcf7-number wpcf7-validates-as-required wpcf7-validates-as-number inputs\" aria-required=\"true\" aria-invalid=\"false\" value=\"\" type=\"number\" name=\"internet\" \/><\/span><\/div>\n<\/div>\n<div class=\"row\">\n<div class=\"col-md-12 col-sm-12 col-xs-12\"><label class=\"label-inputs-gray\">Costo mensual del alquiler de la Oficina<\/label><\/div>\n<div class=\"col-md-12 col-sm-12 col-xs-12\"><span class=\"wpcf7-form-control-wrap\" data-name=\"rent\"><input class=\"wpcf7-form-control wpcf7-number wpcf7-validates-as-required wpcf7-validates-as-number inputs\" aria-required=\"true\" aria-invalid=\"false\" value=\"\" type=\"number\" name=\"rent\" \/><\/span><\/div>\n<\/div>\n<div class=\"row\">\n<div class=\"col-md-12 col-sm-12 col-xs-12\"><label class=\"label-inputs-gray\">Costo mensual de electricidad<\/label><\/div>\n<div class=\"col-md-12 col-sm-12 col-xs-12\"><span class=\"wpcf7-form-control-wrap\" data-name=\"electricity\"><input size=\"40\" maxlength=\"400\" class=\"wpcf7-form-control wpcf7-text wpcf7-validates-as-required inputs\" aria-required=\"true\" aria-invalid=\"false\" value=\"\" type=\"text\" name=\"electricity\" \/><\/span><\/div>\n<\/div>\n<div class=\"row\">\n<div class=\"col-md-12 col-sm-12 col-xs-12\"><label class=\"label-inputs-gray\">Costo del paquete de compensaci\u00f3n para empleados<\/label><\/div>\n<div class=\"col-md-12 col-sm-12 col-xs-12\"><span class=\"wpcf7-form-control-wrap\" data-name=\"compensation\"><input size=\"40\" maxlength=\"400\" class=\"wpcf7-form-control wpcf7-text wpcf7-validates-as-required inputs\" aria-required=\"true\" aria-invalid=\"false\" value=\"\" type=\"text\" name=\"compensation\" \/><\/span><\/div>\n<\/div>\n<div class=\"row\">\n<div class=\"col-md-12 col-sm-12 col-xs-12 text-center\">\n<input class=\"wpcf7-form-control wpcf7-submit has-spinner btn-send\" type=\"submit\" value=\"ENVIAR\" \/>\n<\/div>\n<\/div><div class=\"wpcf7-response-output\" aria-hidden=\"true\"><\/div>\n<\/form>\n<\/div>\n[\/vc_column][\/vc_row]<\/p><\/div>","protected":false},"excerpt":{"rendered":"<p>[vc_row full_width=\u00bbstretch_row_content_no_spaces\u00bb equal_height=\u00bbyes\u00bb content_placement=\u00bbmiddle\u00bb el_id=\u00bbsection1&#8243; css=\u00bb.vc_custom_1570747624460{margin-bottom: 0px !important;background-color: #14afe8 !important;}\u00bb][vc_column css=\u00bb.vc_custom_1570746559546{padding-top: 150px !important;padding-bottom: 150px !important;background-position: center !important;background-repeat: no-repeat !important;background-size: cover !important;}\u00bb offset=\u00bbvc_hidden-lg vc_hidden-md\u00bb el_id=\u00bbbg-inicio\u00bb][vc_single_image image=\u00bb203&#8243; img_size=\u00bbfull\u00bb alignment=\u00bbcenter\u00bb el_id=\u00bbimg-save-50-top\u00bb][\/vc_column][vc_column css=\u00bb.vc_custom_1570551571614{padding-top: 80px !important;padding-bottom: 80px !important;padding-left: 35px !important;}\u00bb offset=\u00bbvc_col-lg-offset-0 vc_col-lg-6 vc_col-md-offset-0 vc_col-md-6 vc_col-sm-offset-0 vc_col-xs-12&#8243; el_id=\u00bb#col-getquote\u00bb][vc_custom_heading text=\u00bbConsiga una cotizaci\u00f3n\u00bb font_container=\u00bbtag:h1|text_align:left|color:%23ffffff\u00bb use_theme_fonts=\u00bbyes\u00bb el_class=\u00bbassistant-light font-size-40&#8243; css=\u00bb.vc_custom_1570484556976{padding-right: 15px !important;padding-left: 15px !important;}\u00bb][vc_column_text el_class=\u00bbassistant-light [&hellip;]<\/p>\n","protected":false},"author":6,"featured_media":0,"parent":0,"menu_order":0,"comment_status":"closed","ping_status":"closed","template":"page-form.php","meta":{"footnotes":""},"class_list":["post-1286","page","type-page","status-publish","hentry"],"_links":{"self":[{"href":"https:\/\/nowbpo.com\/es\/wp-json\/wp\/v2\/pages\/1286","targetHints":{"allow":["GET"]}}],"collection":[{"href":"https:\/\/nowbpo.com\/es\/wp-json\/wp\/v2\/pages"}],"about":[{"href":"https:\/\/nowbpo.com\/es\/wp-json\/wp\/v2\/types\/page"}],"author":[{"embeddable":true,"href":"https:\/\/nowbpo.com\/es\/wp-json\/wp\/v2\/users\/6"}],"replies":[{"embeddable":true,"href":"https:\/\/nowbpo.com\/es\/wp-json\/wp\/v2\/comments?post=1286"}],"version-history":[{"count":4,"href":"https:\/\/nowbpo.com\/es\/wp-json\/wp\/v2\/pages\/1286\/revisions"}],"predecessor-version":[{"id":1308,"href":"https:\/\/nowbpo.com\/es\/wp-json\/wp\/v2\/pages\/1286\/revisions\/1308"}],"wp:attachment":[{"href":"https:\/\/nowbpo.com\/es\/wp-json\/wp\/v2\/media?parent=1286"}],"curies":[{"name":"wp","href":"https:\/\/api.w.org\/{rel}","templated":true}]}}